{"id":105,"date":"2015-01-16T15:03:00","date_gmt":"2015-01-16T15:03:00","guid":{"rendered":"http:\/\/daniel-hacke-remax.de\/?page_id=105"},"modified":"2016-03-21T11:05:29","modified_gmt":"2016-03-21T11:05:29","slug":"leistungen","status":"publish","type":"page","link":"https:\/\/daniel-hacke-remax.de\/?page_id=105","title":{"rendered":"Leistungen"},"content":{"rendered":"<div class=\"wpb-content-wrapper\"><p>[vc_row][vc_column width=&#8220;1\/1&#8243;]<ul class=\"ul-withdetails \"><li class=\"\"><div class=\"row\">\n\t\t\t\t<div class=\"col-sm-6 col-md-3\"><div class=\"image\"><img src=https:\/\/daniel-hacke-remax.de\/wp-content\/uploads\/2015\/01\/23-1024x487.jpg alt=\"Immobilienbewertung\" class=\"img-responsive\"><div class=\"imageoverlay\"><i class=\"fa fa-search\"><\/i><\/div><\/div><\/div><div class=\"col-sm-6 col-md-9\"><div class=\"meta\"><h3>Immobilienbewertung<\/h3><p>Punktgenaue Bewertung Ihres Objekts<\/p><\/div><\/div><\/div>\n\t\t<div class=\"details\">\n\t\t\t<p>Ich habe schon \u00fcber 100 Immobilienbewertungen vorgenommen. Durchschnittliche \u201eAbweichung\u201c ca. 5-10 %.<\/p>\n\n\t\t<\/div> <\/li><li class=\"\"><div class=\"row\">\n\t\t\t\t<div class=\"col-sm-6 col-md-3\"><div class=\"image\"><img src=https:\/\/daniel-hacke-remax.de\/wp-content\/uploads\/2015\/01\/energieausweis.png alt=\"Energieausweis\" class=\"img-responsive\"><div class=\"imageoverlay\"><i class=\"fa fa-search\"><\/i><\/div><\/div><\/div><div class=\"col-sm-6 col-md-9\"><div class=\"meta\"><h3>Energieausweis<\/h3><p>Fachgerechte Ausarbeitung eines Energieausweises<\/p><\/div><\/div><\/div>\n\t\t<div class=\"details\">\n\t\t\t<p class=\"p1\">In Deutschland Pflicht: Als Wirtschaftsingenieur kann ich die Vorarbeit zur Erstellung eines Energieausweises machen sodass der Aufwand f\u00fcr Sie minimal ist.<\/p>\n\n\t\t<\/div> <\/li><li class=\"\"><div class=\"row\">\n\t\t\t\t<div class=\"col-sm-6 col-md-3\"><div class=\"image\"><img src=https:\/\/daniel-hacke-remax.de\/wp-content\/uploads\/2015\/01\/expose-erstellung.png alt=\"Erstellung eines professionellen Expos\u00e9s\" class=\"img-responsive\"><div class=\"imageoverlay\"><i class=\"fa fa-search\"><\/i><\/div><\/div><\/div><div class=\"col-sm-6 col-md-9\"><div class=\"meta\"><h3>Erstellung eines professionellen Expos\u00e9s<\/h3><p>Eine professionelle Objektbrosch\u00fcre stellt Ihr Objekt optimal dar.<\/p><\/div><\/div><\/div>\n\t\t<div class=\"details\">\n\t\t\t<p>Die Darstellung Ihres Objekts in einer hochwertigen Objektbrosch\u00fcre steigert die Chancen eines schnellen und erfolgreichen Verkaufsprozesses enorm.<\/p>\n\n\t\t<\/div> <\/li><li class=\"\"><div class=\"row\">\n\t\t\t\t<div class=\"col-sm-6 col-md-3\"><div class=\"image\"><img src=https:\/\/daniel-hacke-remax.de\/wp-content\/uploads\/2015\/01\/25.png alt=\"Virtuelle 3-D Besichtigungen\" class=\"img-responsive\"><div class=\"imageoverlay\"><i class=\"fa fa-search\"><\/i><\/div><\/div><\/div><div class=\"col-sm-6 col-md-9\"><div class=\"meta\"><h3>Virtuelle 3-D Besichtigungen<\/h3><p>Darstellung des Objekts in 3D-Animation<\/p><\/div><\/div><\/div>\n\t\t<div class=\"details\">\n\t\t\t<p>Interessenten k\u00f6nnen sich das Objekt zuhause am Bildschirm in realit\u00e4tsnaher 3D-Animation anschauen.<\/p>\n\n\t\t<\/div> <\/li><li class=\"\"><div class=\"row\">\n\t\t\t\t<div class=\"col-sm-6 col-md-3\"><div class=\"image\"><img src=https:\/\/daniel-hacke-remax.de\/wp-content\/uploads\/2015\/01\/open-house-remax.jpg alt=\"Open House\" class=\"img-responsive\"><div class=\"imageoverlay\"><i class=\"fa fa-search\"><\/i><\/div><\/div><\/div><div class=\"col-sm-6 col-md-9\"><div class=\"meta\"><h3>Open House<\/h3><p>Effiziente und erfolgreiche Art der Besichtigung<\/p><\/div><\/div><\/div>\n\t\t<div class=\"details\">\n\t\t\t<p>Sie haben f\u00fcr eine meiner Immobilien einen interessierten Kunden\u00a0und w\u00fcrden\u00a0ihm die Immobilie gerne anbieten? Kein Problem: Ich mache mit jedem Immobilienmakler Gemeinschaftsgesch\u00e4fte.<\/p>\n<p>Gerne besichtige ich meine Objekte gemeinsam mit Ihnen und Ihrem Kunden. Kauft Ihr\u00a0Kunde, so teile ich mir mit Ihnen die Provision. Klingt das fair? Rufen Sie mich an!<\/p>\n\n\t\t<\/div> <\/li><li class=\"\"><div class=\"row\">\n\t\t\t\t<div class=\"col-sm-6 col-md-3\"><div class=\"image\"><img src=https:\/\/daniel-hacke-remax.de\/wp-content\/uploads\/2015\/01\/flugblaetter-immobilienwerbung-1024x545.jpg alt=\"Bewerbung durch Flugbl\u00e4tter\" class=\"img-responsive\"><div class=\"imageoverlay\"><i class=\"fa fa-search\"><\/i><\/div><\/div><\/div><div class=\"col-sm-6 col-md-9\"><div class=\"meta\"><h3>Bewerbung durch Flugbl\u00e4tter<\/h3><p>Verteilen von Flugbl\u00e4ttern in den angrenzenden Wohngebieten<\/p><\/div><\/div><\/div>\n\t\t<div class=\"details\">\n\t\t\t<p class=\"p1\">Jeder im Ort muss von der Verkaufsabsicht wissen! Konventionelle Werbema\u00dfnahmen reichen hier meistens nicht aus.<\/p>\n\n\t\t<\/div> <\/li><li class=\"\"><div class=\"row\">\n\t\t\t\t<div class=\"col-sm-6 col-md-3\"><div class=\"image\"><img src=https:\/\/daniel-hacke-remax.de\/wp-content\/uploads\/2015\/01\/luftbilder-immobilie.jpg alt=\"Fotos von Fotograph mit \u201eSkybild\u201c\" class=\"img-responsive\"><div class=\"imageoverlay\"><i class=\"fa fa-search\"><\/i><\/div><\/div><\/div><div class=\"col-sm-6 col-md-9\"><div class=\"meta\"><h3>Fotos von Fotograph mit \u201eSkybild\u201c<\/h3><p>Ausgezeichnete Luftbilder vom Boden aus<\/p><\/div><\/div><\/div>\n\t\t<div class=\"details\">\n\t\t\t<p class=\"p1\">Vor allem ein Haus mit sch\u00f6nem Garten, Pool oder gro\u00dfem Grundst\u00fcck l\u00e4sst sich mit \u201eSkybild\u201c sehr gut in Szene setzen.<\/p>\n\n\t\t<\/div> <\/li><li class=\"\"><div class=\"row\">\n\t\t\t\t<div class=\"col-sm-6 col-md-3\"><div class=\"image\"><img src=https:\/\/daniel-hacke-remax.de\/wp-content\/uploads\/2015\/01\/home-staging.jpg alt=\"Home Staging\" class=\"img-responsive\"><div class=\"imageoverlay\"><i class=\"fa fa-search\"><\/i><\/div><\/div><\/div><div class=\"col-sm-6 col-md-9\"><div class=\"meta\"><h3>Home Staging<\/h3><p>Aufbereitung Ihrer Immobilie - auch von innen!<\/p><\/div><\/div><\/div>\n\t\t<div class=\"details\">\n\t\t\t<p>Durch eine Kooperation mit der\u00a0Heimvorteil Homestaging GmbH, einer <a href=\"http:\/\/www.heimvorteil-homestaging.com\" target=\"_blank\">professionellen Home Staging Agentur<\/a>,\u00a0wird Ihre Immobilie so aufbereitet, dass sie sich von der Konkurrenz abhebt. Dadurch verk\u00fcrzt sich die Verkaufszeit und es k\u00f6nnen oft\u00a0h\u00f6here Verkaufspreise erzielt werden (bis zu 15%). <a href=\"http:\/\/www.heimvorteil-homestaging.com\/vorher-nachher-bilder\/\" target=\"_blank\">Hier gelangen Sie zur Vorher-Nachher-Galerie<\/a>.<\/p>\n\n\t\t<\/div> <\/li><\/ul>[\/vc_column][\/vc_row]<\/p>\n<\/div>","protected":false},"excerpt":{"rendered":"<p>[vc_row][vc_column width=&#8220;1\/1&#8243;][\/vc_column][\/vc_row]<\/p>\n","protected":false},"author":1,"featured_media":0,"parent":0,"menu_order":0,"comment_status":"closed","ping_status":"closed","template":"","meta":{"footnotes":""},"yoast_head":"<!-- This site is optimized with the Yoast SEO plugin v21.7 - https:\/\/yoast.com\/wordpress\/plugins\/seo\/ -->\n<title>Leistungen des Immobilienmaklers Daniel Hacke<\/title>\n<meta name=\"description\" content=\"Diese Leistungen erbringe ich f\u00fcr meine Kunden. Bitte vergleichen Sie diese mit jenen eines anderen Maklers!\" \/>\n<meta name=\"robots\" content=\"index, follow, max-snippet:-1, max-image-preview:large, max-video-preview:-1\" \/>\n<link rel=\"canonical\" href=\"https:\/\/daniel-hacke-remax.de\/?page_id=105\" \/>\n<meta property=\"og:locale\" content=\"de_DE\" \/>\n<meta property=\"og:type\" content=\"article\" \/>\n<meta property=\"og:title\" content=\"Leistungen des Immobilienmaklers Daniel Hacke\" \/>\n<meta property=\"og:description\" content=\"Diese Leistungen erbringe ich f\u00fcr meine Kunden. Bitte vergleichen Sie diese mit jenen eines anderen Maklers!\" \/>\n<meta property=\"og:url\" content=\"https:\/\/daniel-hacke-remax.de\/?page_id=105\" \/>\n<meta property=\"og:site_name\" content=\"Daniel Hacke\" \/>\n<meta property=\"article:modified_time\" content=\"2016-03-21T11:05:29+00:00\" \/>\n<meta name=\"twitter:label1\" content=\"Gesch\u00e4tzte Lesezeit\" \/>\n\t<meta name=\"twitter:data1\" content=\"2 Minuten\" \/>\n<script type=\"application\/ld+json\" class=\"yoast-schema-graph\">{\"@context\":\"https:\/\/schema.org\",\"@graph\":[{\"@type\":\"WebPage\",\"@id\":\"https:\/\/daniel-hacke-remax.de\/?page_id=105\",\"url\":\"https:\/\/daniel-hacke-remax.de\/?page_id=105\",\"name\":\"Leistungen des Immobilienmaklers Daniel Hacke\",\"isPartOf\":{\"@id\":\"https:\/\/daniel-hacke-remax.de\/#website\"},\"datePublished\":\"2015-01-16T15:03:00+00:00\",\"dateModified\":\"2016-03-21T11:05:29+00:00\",\"description\":\"Diese Leistungen erbringe ich f\u00fcr meine Kunden. Bitte vergleichen Sie diese mit jenen eines anderen Maklers!\",\"breadcrumb\":{\"@id\":\"https:\/\/daniel-hacke-remax.de\/?page_id=105#breadcrumb\"},\"inLanguage\":\"de-DE\",\"potentialAction\":[{\"@type\":\"ReadAction\",\"target\":[\"https:\/\/daniel-hacke-remax.de\/?page_id=105\"]}]},{\"@type\":\"BreadcrumbList\",\"@id\":\"https:\/\/daniel-hacke-remax.de\/?page_id=105#breadcrumb\",\"itemListElement\":[{\"@type\":\"ListItem\",\"position\":1,\"name\":\"Home\",\"item\":\"https:\/\/daniel-hacke-remax.de\/\"},{\"@type\":\"ListItem\",\"position\":2,\"name\":\"Leistungen\"}]},{\"@type\":\"WebSite\",\"@id\":\"https:\/\/daniel-hacke-remax.de\/#website\",\"url\":\"https:\/\/daniel-hacke-remax.de\/\",\"name\":\"Daniel Hacke\",\"description\":\"RE\/MAX Immobilienmakler\",\"potentialAction\":[{\"@type\":\"SearchAction\",\"target\":{\"@type\":\"EntryPoint\",\"urlTemplate\":\"https:\/\/daniel-hacke-remax.de\/?s={search_term_string}\"},\"query-input\":\"required name=search_term_string\"}],\"inLanguage\":\"de-DE\"}]}<\/script>\n<!-- \/ Yoast SEO plugin. -->","yoast_head_json":{"title":"Leistungen des Immobilienmaklers Daniel Hacke","description":"Diese Leistungen erbringe ich f\u00fcr meine Kunden. Bitte vergleichen Sie diese mit jenen eines anderen Maklers!","robots":{"index":"index","follow":"follow","max-snippet":"max-snippet:-1","max-image-preview":"max-image-preview:large","max-video-preview":"max-video-preview:-1"},"canonical":"https:\/\/daniel-hacke-remax.de\/?page_id=105","og_locale":"de_DE","og_type":"article","og_title":"Leistungen des Immobilienmaklers Daniel Hacke","og_description":"Diese Leistungen erbringe ich f\u00fcr meine Kunden. Bitte vergleichen Sie diese mit jenen eines anderen Maklers!","og_url":"https:\/\/daniel-hacke-remax.de\/?page_id=105","og_site_name":"Daniel Hacke","article_modified_time":"2016-03-21T11:05:29+00:00","twitter_misc":{"Gesch\u00e4tzte Lesezeit":"2 Minuten"},"schema":{"@context":"https:\/\/schema.org","@graph":[{"@type":"WebPage","@id":"https:\/\/daniel-hacke-remax.de\/?page_id=105","url":"https:\/\/daniel-hacke-remax.de\/?page_id=105","name":"Leistungen des Immobilienmaklers Daniel Hacke","isPartOf":{"@id":"https:\/\/daniel-hacke-remax.de\/#website"},"datePublished":"2015-01-16T15:03:00+00:00","dateModified":"2016-03-21T11:05:29+00:00","description":"Diese Leistungen erbringe ich f\u00fcr meine Kunden. Bitte vergleichen Sie diese mit jenen eines anderen Maklers!","breadcrumb":{"@id":"https:\/\/daniel-hacke-remax.de\/?page_id=105#breadcrumb"},"inLanguage":"de-DE","potentialAction":[{"@type":"ReadAction","target":["https:\/\/daniel-hacke-remax.de\/?page_id=105"]}]},{"@type":"BreadcrumbList","@id":"https:\/\/daniel-hacke-remax.de\/?page_id=105#breadcrumb","itemListElement":[{"@type":"ListItem","position":1,"name":"Home","item":"https:\/\/daniel-hacke-remax.de\/"},{"@type":"ListItem","position":2,"name":"Leistungen"}]},{"@type":"WebSite","@id":"https:\/\/daniel-hacke-remax.de\/#website","url":"https:\/\/daniel-hacke-remax.de\/","name":"Daniel Hacke","description":"RE\/MAX Immobilienmakler","potentialAction":[{"@type":"SearchAction","target":{"@type":"EntryPoint","urlTemplate":"https:\/\/daniel-hacke-remax.de\/?s={search_term_string}"},"query-input":"required name=search_term_string"}],"inLanguage":"de-DE"}]}},"_links":{"self":[{"href":"https:\/\/daniel-hacke-remax.de\/index.php?rest_route=\/wp\/v2\/pages\/105"}],"collection":[{"href":"https:\/\/daniel-hacke-remax.de\/index.php?rest_route=\/wp\/v2\/pages"}],"about":[{"href":"https:\/\/daniel-hacke-remax.de\/index.php?rest_route=\/wp\/v2\/types\/page"}],"author":[{"embeddable":true,"href":"https:\/\/daniel-hacke-remax.de\/index.php?rest_route=\/wp\/v2\/users\/1"}],"replies":[{"embeddable":true,"href":"https:\/\/daniel-hacke-remax.de\/index.php?rest_route=%2Fwp%2Fv2%2Fcomments&post=105"}],"version-history":[{"count":26,"href":"https:\/\/daniel-hacke-remax.de\/index.php?rest_route=\/wp\/v2\/pages\/105\/revisions"}],"predecessor-version":[{"id":415,"href":"https:\/\/daniel-hacke-remax.de\/index.php?rest_route=\/wp\/v2\/pages\/105\/revisions\/415"}],"wp:attachment":[{"href":"https:\/\/daniel-hacke-remax.de\/index.php?rest_route=%2Fwp%2Fv2%2Fmedia&parent=105"}],"curies":[{"name":"wp","href":"https:\/\/api.w.org\/{rel}","templated":true}]}}