{"id":2,"date":"2015-01-15T13:45:28","date_gmt":"2015-01-15T13:45:28","guid":{"rendered":"http:\/\/daniel-hacke-remax.de\/?page_id=2"},"modified":"2026-04-02T10:33:21","modified_gmt":"2026-04-02T10:33:21","slug":"sample-page","status":"publish","type":"page","link":"https:\/\/daniel-hacke-remax.de\/","title":{"rendered":"Home"},"content":{"rendered":"<div class=\"wpb-content-wrapper\"><p>[vc_row][vc_column css=&#8220;.vc_custom_1775125453367{background-position: center !important;background-repeat: no-repeat !important;background-size: cover !important;border-radius: 15px !important;}&#8220;][vc_column_text]<\/p>\n<h2 style=\"text-align: center;\">Herzlich willkommen<\/h2>\n<hr \/>\n<p>[\/vc_column_text][vc_column_text css=&#8220;.vc_custom_1775125479073{margin-right: 30px !important;margin-left: 30px !important;}&#8220;]Mein Name ist Daniel Hacke und ich bin Immobilienmakler in Ludwigshafen. Ich bin hier geboren, aufgewachsen und habe mein Gesch\u00e4ft hier aufgebaut.<\/p>\n<p>Privat lebe ich in Altrip. Hier ist mein Expertengebiet wo ich mich bestens auskenne und haupts\u00e4chlich t\u00e4tig bin. Ich habe aber auch schon&nbsp;Immobilien verkauft im ganzen Ludwigshafener Raum, im Rheinpfalzkreis und in der Mannheimer Umgebung.<\/p>\n<p>Mein Erfolg beruht haupts\u00e4chlich auf einem einfachen Prinzip: Ich m\u00f6chte meinen Kunden einfach mehr bieten: mehr <strong>Qualit\u00e4t<\/strong>, mehr <strong>Sicherheit<\/strong> und mehr <strong>Vermarktung<\/strong> f\u00fcr Ihre Immobilie.[\/vc_column_text][\/vc_column][\/vc_row][vc_row][vc_column][vc_single_image image=&#8220;844&#8243; img_size=&#8220;350&#215;525&#8243; alignment=&#8220;center&#8220; style=&#8220;vc_box_rounded&#8220; css=&#8220;&#8220;]<ul class=\"ul-card \">\n\t\t\t<li class=\"\">\n\t\t\t\t<div class=\"dy\"><span class=\"degree\">Awardverleihung RE\/MAX Germany<\/span>\n\t\t\t\t<span class=\"year\">2025<\/span><\/div>\n\t\t\t\t<div class=\"description\"><p class=\"what\">Bester Makler bei RE\/MAX Kurpfalz<\/p><p class=\"where\">Zum f\u00fcnften Mal in Folge!<\/p><\/div>\n\t\t\t<\/li>\n\t\t\t<li class=\"\">\n\t\t\t\t<div class=\"dy\"><span class=\"degree\">Awardverleihung RE\/MAX Germany<\/span>\n\t\t\t\t<span class=\"year\">2024<\/span><\/div>\n\t\t\t\t<div class=\"description\"><p class=\"what\">Bester Makler bei RE\/MAX Kurpfalz<\/p><p class=\"where\">Lifetime Achievement Awardverleihung<\/p><\/div>\n\t\t\t<\/li>\n\t\t\t<li class=\"\">\n\t\t\t\t<div class=\"dy\"><span class=\"degree\">Awardverleihung RE\/MAX Germany<\/span>\n\t\t\t\t<span class=\"year\">2023<\/span><\/div>\n\t\t\t\t<div class=\"description\"><p class=\"what\">Bester Makler bei RE\/MAX Kurpfalz<\/p><p class=\"where\">RE\/MAX Platinum Club<\/p><\/div>\n\t\t\t<\/li>\n\t\t\t<li class=\"\">\n\t\t\t\t<div class=\"dy\"><span class=\"degree\">Awardverleihung RE\/MAX Germany<\/span>\n\t\t\t\t<span class=\"year\">2022<\/span><\/div>\n\t\t\t\t<div class=\"description\"><p class=\"what\">Bester Makler bei RE\/MAX Kurpfalz<\/p><p class=\"where\">RE\/MAX Platinum Club<\/p><\/div>\n\t\t\t<\/li>\n\t\t\t<li class=\"\">\n\t\t\t\t<div class=\"dy\"><span class=\"degree\">Awardverleihung RE\/MAX Germany<\/span>\n\t\t\t\t<span class=\"year\">2021<\/span><\/div>\n\t\t\t\t<div class=\"description\"><p class=\"what\">Bester Makler bei RE\/MAX Kurpfalz<\/p><p class=\"where\">RE\/MAX Platinum Club<\/p><\/div>\n\t\t\t<\/li>\n\t\t\t<li class=\"\">\n\t\t\t\t<div class=\"dy\"><span class=\"degree\">Awardverleihung RE\/MAX Germany<\/span>\n\t\t\t\t<span class=\"year\">2020<\/span><\/div>\n\t\t\t\t<div class=\"description\"><p class=\"what\">F\u00fcnftbester Makler bei RE\/MAX Kurpfalz<\/p><p class=\"where\">RE\/MAX German Gold Club<\/p><\/div>\n\t\t\t<\/li>\n\t\t\t<li class=\"\">\n\t\t\t\t<div class=\"dy\"><span class=\"degree\">Awardverleihung RE\/MAX Germany<\/span>\n\t\t\t\t<span class=\"year\">2019<\/span><\/div>\n\t\t\t\t<div class=\"description\"><p class=\"what\">Zweitbester Makler bei RE\/MAX Kurpfalz (LU, MA, FT, Weinheim)<\/p><p class=\"where\">RE\/MAX Platinum Club<\/p><\/div>\n\t\t\t<\/li>\n\t\t\t<li class=\"\">\n\t\t\t\t<div class=\"dy\"><span class=\"degree\">Awardverleihung RE\/MAX Germany<\/span>\n\t\t\t\t<span class=\"year\">2018<\/span><\/div>\n\t\t\t\t<div class=\"description\"><p class=\"what\">Bester Makler bei RE\/MAX Classic Ludwigshafen<\/p><p class=\"where\">Aufnahme in die RE\/MAX \u201eHall of Fame\u201c als j\u00fcngstes Mitglied<\/p><\/div>\n\t\t\t<\/li>\n\t\t\t<li class=\"\">\n\t\t\t\t<div class=\"dy\"><span class=\"degree\">Awardverleihung RE\/MAX S\u00fcdwest<\/span>\n\t\t\t\t<span class=\"year\">2017<\/span><\/div>\n\t\t\t\t<div class=\"description\"><p class=\"what\">Drittbester Makler bei RE\/MAX Classic Ludwigshafen<\/p><p class=\"where\">RE\/MAX German Gold Club<\/p><\/div>\n\t\t\t<\/li>\n\t\t\t<li class=\"\">\n\t\t\t\t<div class=\"dy\"><span class=\"degree\">Awardverleihung RE\/MAX S\u00fcdwest<\/span>\n\t\t\t\t<span class=\"year\">2016<\/span><\/div>\n\t\t\t\t<div class=\"description\"><p class=\"what\">Zweitbester Makler bei RE\/MAX Classic Ludwigshafen<\/p><p class=\"where\">RE\/MAX German Gold Club<\/p><\/div>\n\t\t\t<\/li>\n\t\t\t<li class=\"\">\n\t\t\t\t<div class=\"dy\"><span class=\"degree\">Awardverleihung RE\/MAX S\u00fcdwest<\/span>\n\t\t\t\t<span class=\"year\">2015<\/span><\/div>\n\t\t\t\t<div class=\"description\"><p class=\"what\">Drittbester Makler bei RE\/MAX Classic Ludwigshafen<\/p><p class=\"where\">RE\/MAX 100% Club<\/p><\/div>\n\t\t\t<\/li>\n\t\t\t<li class=\"\">\n\t\t\t\t<div class=\"dy\"><span class=\"degree\">Awardverleihung RE\/MAX S\u00fcdwest<\/span>\n\t\t\t\t<span class=\"year\">2014<\/span><\/div>\n\t\t\t\t<div class=\"description\"><p class=\"what\">Bester Makler bei RE\/MAX Classic Ludwigshafen<\/p><p class=\"where\">RE\/MAX German Gold Club<\/p><\/div>\n\t\t\t<\/li>\n\t\t\t<li class=\"\">\n\t\t\t\t<div class=\"dy\"><span class=\"degree\">Awardverleihung RE\/MAX S\u00fcdwest<\/span>\n\t\t\t\t<span class=\"year\">2013<\/span><\/div>\n\t\t\t\t<div class=\"description\"><p class=\"what\">Zweitbester Makler bei RE\/MAX Classic Ludwigshafen<\/p><p class=\"where\">RE\/MAX 100% Club<\/p><\/div>\n\t\t\t<\/li>\n\t\t\t<li class=\"\">\n\t\t\t\t<div class=\"dy\"><span class=\"degree\">Awardverleihung RE\/MAX S\u00fcdwest<\/span>\n\t\t\t\t<span class=\"year\">2012<\/span><\/div>\n\t\t\t\t<div class=\"description\"><p class=\"what\">Drittbester Makler bei RE\/MAX Classic Ludwigshafen<\/p><p class=\"where\">RE\/MAX Executive Club<\/p><\/div>\n\t\t\t<\/li>\n\t\t\t<li class=\"\">\n\t\t\t\t<div class=\"dy\"><span class=\"degree\">Diverse Fortbildungslehrg\u00e4nge<\/span>\n\t\t\t\t<span class=\"year\">2011<\/span><\/div>\n\t\t\t\t<div class=\"description\"><p class=\"what\">Telefontraining, Immobilienbewertung, IList-Marketing, Verkaufsprozess, Maklerrecht<\/p><p class=\"where\">RE\/MAX Deutschland S\u00fcdwest<\/p><\/div>\n\t\t\t<\/li>\n\t\t\t<li class=\"\">\n\t\t\t\t<div class=\"dy\"><span class=\"degree\">Wirtschaftsingenieur (FH)<\/span>\n\t\t\t\t<span class=\"year\">2008<\/span><\/div>\n\t\t\t\t<div class=\"description\"><p class=\"what\">Abschluss des Studiums zum Wirtschaftsingeniur<\/p><p class=\"where\">FH Mannheim<\/p><\/div>\n\t\t\t<\/li><\/ul><ul class=\"ul-dates \">[vc_column_text][\/vc_column_text]<\/ul>[\/vc_column][\/vc_row]<\/p>\n<\/div>","protected":false},"excerpt":{"rendered":"<p>[vc_row][vc_column css=&#8220;.vc_custom_1775125453367{background-position: center !important;background-repeat: no-repeat !important;background-size: cover !important;border-radius: 15px !important;}&#8220;][vc_column_text] Herzlich willkommen [\/vc_column_text][vc_column_text css=&#8220;.vc_custom_1775125479073{margin-right: 30px !important;margin-left: 30px !important;}&#8220;]Mein Name ist [&hellip;]<\/p>\n","protected":false},"author":1,"featured_media":0,"parent":0,"menu_order":0,"comment_status":"closed","ping_status":"closed","template":"page-pagebuilder.php","meta":{"footnotes":""},"yoast_head":"<!-- This site is optimized with the Yoast SEO plugin v21.7 - https:\/\/yoast.com\/wordpress\/plugins\/seo\/ -->\n<title>Daniel Hacke | Immobilienmakler aus &amp; f\u00fcr Ludwigshafen<\/title>\n<meta name=\"description\" content=\"Daniel Hacke ist Immobilienmakler f\u00fcr Ludwigshafen &amp; Umgebung. Auf seiner Webseite finden Sie aktuelle Objekte sowie zahlreiche Referenzen und Kennzahlen.\" \/>\n<meta name=\"robots\" content=\"index, follow, max-snippet:-1, max-image-preview:large, max-video-preview:-1\" \/>\n<link rel=\"canonical\" href=\"https:\/\/daniel-hacke-remax.de\/\" \/>\n<meta property=\"og:locale\" content=\"de_DE\" \/>\n<meta property=\"og:type\" content=\"article\" \/>\n<meta property=\"og:title\" content=\"Daniel Hacke | Immobilienmakler aus &amp; f\u00fcr Ludwigshafen\" \/>\n<meta property=\"og:description\" content=\"Daniel Hacke ist Immobilienmakler f\u00fcr Ludwigshafen &amp; Umgebung. Auf seiner Webseite finden Sie aktuelle Objekte sowie zahlreiche Referenzen und Kennzahlen.\" \/>\n<meta property=\"og:url\" content=\"https:\/\/daniel-hacke-remax.de\/\" \/>\n<meta property=\"og:site_name\" content=\"Daniel Hacke\" \/>\n<meta property=\"article:modified_time\" content=\"2026-04-02T10:33:21+00:00\" \/>\n<meta name=\"twitter:label1\" content=\"Gesch\u00e4tzte Lesezeit\" \/>\n\t<meta name=\"twitter:data1\" content=\"2 Minuten\" \/>\n<script type=\"application\/ld+json\" class=\"yoast-schema-graph\">{\"@context\":\"https:\/\/schema.org\",\"@graph\":[{\"@type\":\"WebPage\",\"@id\":\"https:\/\/daniel-hacke-remax.de\/\",\"url\":\"https:\/\/daniel-hacke-remax.de\/\",\"name\":\"Daniel Hacke | Immobilienmakler aus & f\u00fcr Ludwigshafen\",\"isPartOf\":{\"@id\":\"https:\/\/daniel-hacke-remax.de\/#website\"},\"datePublished\":\"2015-01-15T13:45:28+00:00\",\"dateModified\":\"2026-04-02T10:33:21+00:00\",\"description\":\"Daniel Hacke ist Immobilienmakler f\u00fcr Ludwigshafen & Umgebung. Auf seiner Webseite finden Sie aktuelle Objekte sowie zahlreiche Referenzen und Kennzahlen.\",\"breadcrumb\":{\"@id\":\"https:\/\/daniel-hacke-remax.de\/#breadcrumb\"},\"inLanguage\":\"de-DE\",\"potentialAction\":[{\"@type\":\"ReadAction\",\"target\":[\"https:\/\/daniel-hacke-remax.de\/\"]}]},{\"@type\":\"BreadcrumbList\",\"@id\":\"https:\/\/daniel-hacke-remax.de\/#breadcrumb\",\"itemListElement\":[{\"@type\":\"ListItem\",\"position\":1,\"name\":\"Home\",\"item\":\"https:\/\/daniel-hacke-remax.de\/\"},{\"@type\":\"ListItem\",\"position\":2,\"name\":\"Home\"}]},{\"@type\":\"WebSite\",\"@id\":\"https:\/\/daniel-hacke-remax.de\/#website\",\"url\":\"https:\/\/daniel-hacke-remax.de\/\",\"name\":\"Daniel Hacke\",\"description\":\"RE\/MAX Immobilienmakler\",\"potentialAction\":[{\"@type\":\"SearchAction\",\"target\":{\"@type\":\"EntryPoint\",\"urlTemplate\":\"https:\/\/daniel-hacke-remax.de\/?s={search_term_string}\"},\"query-input\":\"required name=search_term_string\"}],\"inLanguage\":\"de-DE\"}]}<\/script>\n<!-- \/ Yoast SEO plugin. -->","yoast_head_json":{"title":"Daniel Hacke | Immobilienmakler aus & f\u00fcr Ludwigshafen","description":"Daniel Hacke ist Immobilienmakler f\u00fcr Ludwigshafen & Umgebung. Auf seiner Webseite finden Sie aktuelle Objekte sowie zahlreiche Referenzen und Kennzahlen.","robots":{"index":"index","follow":"follow","max-snippet":"max-snippet:-1","max-image-preview":"max-image-preview:large","max-video-preview":"max-video-preview:-1"},"canonical":"https:\/\/daniel-hacke-remax.de\/","og_locale":"de_DE","og_type":"article","og_title":"Daniel Hacke | Immobilienmakler aus & f\u00fcr Ludwigshafen","og_description":"Daniel Hacke ist Immobilienmakler f\u00fcr Ludwigshafen & Umgebung. Auf seiner Webseite finden Sie aktuelle Objekte sowie zahlreiche Referenzen und Kennzahlen.","og_url":"https:\/\/daniel-hacke-remax.de\/","og_site_name":"Daniel Hacke","article_modified_time":"2026-04-02T10:33:21+00:00","twitter_misc":{"Gesch\u00e4tzte Lesezeit":"2 Minuten"},"schema":{"@context":"https:\/\/schema.org","@graph":[{"@type":"WebPage","@id":"https:\/\/daniel-hacke-remax.de\/","url":"https:\/\/daniel-hacke-remax.de\/","name":"Daniel Hacke | Immobilienmakler aus & f\u00fcr Ludwigshafen","isPartOf":{"@id":"https:\/\/daniel-hacke-remax.de\/#website"},"datePublished":"2015-01-15T13:45:28+00:00","dateModified":"2026-04-02T10:33:21+00:00","description":"Daniel Hacke ist Immobilienmakler f\u00fcr Ludwigshafen & Umgebung. Auf seiner Webseite finden Sie aktuelle Objekte sowie zahlreiche Referenzen und Kennzahlen.","breadcrumb":{"@id":"https:\/\/daniel-hacke-remax.de\/#breadcrumb"},"inLanguage":"de-DE","potentialAction":[{"@type":"ReadAction","target":["https:\/\/daniel-hacke-remax.de\/"]}]},{"@type":"BreadcrumbList","@id":"https:\/\/daniel-hacke-remax.de\/#breadcrumb","itemListElement":[{"@type":"ListItem","position":1,"name":"Home","item":"https:\/\/daniel-hacke-remax.de\/"},{"@type":"ListItem","position":2,"name":"Home"}]},{"@type":"WebSite","@id":"https:\/\/daniel-hacke-remax.de\/#website","url":"https:\/\/daniel-hacke-remax.de\/","name":"Daniel Hacke","description":"RE\/MAX Immobilienmakler","potentialAction":[{"@type":"SearchAction","target":{"@type":"EntryPoint","urlTemplate":"https:\/\/daniel-hacke-remax.de\/?s={search_term_string}"},"query-input":"required name=search_term_string"}],"inLanguage":"de-DE"}]}},"_links":{"self":[{"href":"https:\/\/daniel-hacke-remax.de\/index.php?rest_route=\/wp\/v2\/pages\/2"}],"collection":[{"href":"https:\/\/daniel-hacke-remax.de\/index.php?rest_route=\/wp\/v2\/pages"}],"about":[{"href":"https:\/\/daniel-hacke-remax.de\/index.php?rest_route=\/wp\/v2\/types\/page"}],"author":[{"embeddable":true,"href":"https:\/\/daniel-hacke-remax.de\/index.php?rest_route=\/wp\/v2\/users\/1"}],"replies":[{"embeddable":true,"href":"https:\/\/daniel-hacke-remax.de\/index.php?rest_route=%2Fwp%2Fv2%2Fcomments&post=2"}],"version-history":[{"count":120,"href":"https:\/\/daniel-hacke-remax.de\/index.php?rest_route=\/wp\/v2\/pages\/2\/revisions"}],"predecessor-version":[{"id":849,"href":"https:\/\/daniel-hacke-remax.de\/index.php?rest_route=\/wp\/v2\/pages\/2\/revisions\/849"}],"wp:attachment":[{"href":"https:\/\/daniel-hacke-remax.de\/index.php?rest_route=%2Fwp%2Fv2%2Fmedia&parent=2"}],"curies":[{"name":"wp","href":"https:\/\/api.w.org\/{rel}","templated":true}]}}