{"id":233,"date":"2015-01-21T17:44:11","date_gmt":"2015-01-21T17:44:11","guid":{"rendered":"http:\/\/www.daniel-hacke-remax.de\/?page_id=233"},"modified":"2023-01-24T13:59:42","modified_gmt":"2023-01-24T13:59:42","slug":"zertifikate","status":"publish","type":"page","link":"https:\/\/daniel-hacke-remax.de\/?page_id=233","title":{"rendered":"Zertifikate"},"content":{"rendered":"<div class=\"wpb-content-wrapper\"><p>[vc_row][vc_column][\/vc_column][\/vc_row][vc_row][vc_column][vc_tour][vc_tab title=&#8220;Immobilienbewertung&#8220; tab_id=&#8220;1421862925-1-2&#8243;][vc_single_image image=&#8220;238&#8243; img_size=&#8220;large&#8220; alignment=&#8220;center&#8220; style=&#8220;vc_box_rounded&#8220; css_animation=&#8220;appear&#8220; img_link_large=&#8220;yes&#8220;][\/vc_tab][vc_tab title=&#8220;Listing- und Verkaufsprozess&#8220; tab_id=&#8220;1421862925-2-30&#8243;][vc_single_image image=&#8220;235&#8243; img_size=&#8220;large&#8220; alignment=&#8220;center&#8220; style=&#8220;vc_box_rounded&#8220; css_animation=&#8220;appear&#8220; img_link_large=&#8220;yes&#8220;][\/vc_tab][vc_tab title=&#8220;Maklerrecht&#8220; tab_id=&#8220;1421862961685-2-4&#8243;][vc_single_image image=&#8220;237&#8243; img_size=&#8220;large&#8220; alignment=&#8220;center&#8220; style=&#8220;vc_box_rounded&#8220; css_animation=&#8220;appear&#8220; img_link_large=&#8220;yes&#8220;][\/vc_tab][vc_tab title=&#8220;RE\/MAX iList Marketing&#8220; tab_id=&#8220;1421862962917-3-9&#8243;][vc_single_image image=&#8220;236&#8243; img_size=&#8220;large&#8220; alignment=&#8220;center&#8220; style=&#8220;vc_box_rounded&#8220; css_animation=&#8220;appear&#8220; img_link_large=&#8220;yes&#8220;][\/vc_tab][vc_tab title=&#8220;Telefontraining&#8220; tab_id=&#8220;1421862963757-4-2&#8243;][vc_single_image image=&#8220;234&#8243; img_size=&#8220;large&#8220; alignment=&#8220;center&#8220; style=&#8220;vc_box_rounded&#8220; css_animation=&#8220;appear&#8220; img_link_large=&#8220;yes&#8220;][\/vc_tab][vc_tab title=&#8220;Erfahrung&#8220; tab_id=&#8220;1485786313503-5-10&#8243;][vc_single_image image=&#8220;771&#8243; img_size=&#8220;full&#8220; alignment=&#8220;center&#8220; style=&#8220;vc_box_rounded&#8220; onclick=&#8220;link_image&#8220;][vc_single_image image=&#8220;775&#8243; img_size=&#8220;full&#8220; alignment=&#8220;center&#8220; style=&#8220;vc_box_rounded&#8220; onclick=&#8220;link_image&#8220;][vc_single_image image=&#8220;486&#8243; img_size=&#8220;full&#8220; alignment=&#8220;center&#8220; style=&#8220;vc_box_rounded&#8220; onclick=&#8220;link_image&#8220;][\/vc_tab][vc_tab title=&#8220;Fortbildungen&#8220; tab_id=&#8220;1674561554659-6-0&#8243;][vc_gallery type=&#8220;image_grid&#8220; images=&#8220;773,774,776,777&#8243; img_size=&#8220;large&#8220;][\/vc_tab][\/vc_tour][\/vc_column][\/vc_row]<\/p>\n<\/div>","protected":false},"excerpt":{"rendered":"<p>[vc_row][vc_column][\/vc_column][\/vc_row][vc_row][vc_column][vc_tour][vc_tab title=&#8220;Immobilienbewertung&#8220; tab_id=&#8220;1421862925-1-2&#8243;][vc_single_image image=&#8220;238&#8243; img_size=&#8220;large&#8220; alignment=&#8220;center&#8220; style=&#8220;vc_box_rounded&#8220; css_animation=&#8220;appear&#8220; img_link_large=&#8220;yes&#8220;][\/vc_tab][vc_tab title=&#8220;Listing- und Verkaufsprozess&#8220; tab_id=&#8220;1421862925-2-30&#8243;][vc_single_image image=&#8220;235&#8243; img_size=&#8220;large&#8220; alignment=&#8220;center&#8220; style=&#8220;vc_box_rounded&#8220; css_animation=&#8220;appear&#8220; img_link_large=&#8220;yes&#8220;][\/vc_tab][vc_tab title=&#8220;Maklerrecht&#8220; [&hellip;]<\/p>\n","protected":false},"author":1,"featured_media":0,"parent":0,"menu_order":0,"comment_status":"closed","ping_status":"closed","template":"","meta":{"footnotes":""},"yoast_head":"<!-- This site is optimized with the Yoast SEO plugin v21.7 - https:\/\/yoast.com\/wordpress\/plugins\/seo\/ -->\n<title>Fortbildung sichert das n\u00f6tige Fachwissen<\/title>\n<meta name=\"description\" content=\"Regelm\u00e4\u00dfige Fortbildung ist unerl\u00e4sslich f\u00fcr die Maximierung des eigenen Leistungsanspruchs. Deshalb besuche ich regelm\u00e4\u00dfig Fortbildungsseminare.\" \/>\n<meta name=\"robots\" content=\"index, follow, max-snippet:-1, max-image-preview:large, max-video-preview:-1\" \/>\n<link rel=\"canonical\" href=\"https:\/\/daniel-hacke-remax.de\/?page_id=233\" \/>\n<meta property=\"og:locale\" content=\"de_DE\" \/>\n<meta property=\"og:type\" content=\"article\" \/>\n<meta property=\"og:title\" content=\"Fortbildung sichert das n\u00f6tige Fachwissen\" \/>\n<meta property=\"og:description\" content=\"Regelm\u00e4\u00dfige Fortbildung ist unerl\u00e4sslich f\u00fcr die Maximierung des eigenen Leistungsanspruchs. Deshalb besuche ich regelm\u00e4\u00dfig Fortbildungsseminare.\" \/>\n<meta property=\"og:url\" content=\"https:\/\/daniel-hacke-remax.de\/?page_id=233\" \/>\n<meta property=\"og:site_name\" content=\"Daniel Hacke\" \/>\n<meta property=\"article:modified_time\" content=\"2023-01-24T13:59:42+00:00\" \/>\n<meta name=\"twitter:label1\" content=\"Gesch\u00e4tzte Lesezeit\" \/>\n\t<meta name=\"twitter:data1\" content=\"1 Minute\" \/>\n<script type=\"application\/ld+json\" class=\"yoast-schema-graph\">{\"@context\":\"https:\/\/schema.org\",\"@graph\":[{\"@type\":\"WebPage\",\"@id\":\"https:\/\/daniel-hacke-remax.de\/?page_id=233\",\"url\":\"https:\/\/daniel-hacke-remax.de\/?page_id=233\",\"name\":\"Fortbildung sichert das n\u00f6tige Fachwissen\",\"isPartOf\":{\"@id\":\"https:\/\/daniel-hacke-remax.de\/#website\"},\"datePublished\":\"2015-01-21T17:44:11+00:00\",\"dateModified\":\"2023-01-24T13:59:42+00:00\",\"description\":\"Regelm\u00e4\u00dfige Fortbildung ist unerl\u00e4sslich f\u00fcr die Maximierung des eigenen Leistungsanspruchs. Deshalb besuche ich regelm\u00e4\u00dfig Fortbildungsseminare.\",\"breadcrumb\":{\"@id\":\"https:\/\/daniel-hacke-remax.de\/?page_id=233#breadcrumb\"},\"inLanguage\":\"de-DE\",\"potentialAction\":[{\"@type\":\"ReadAction\",\"target\":[\"https:\/\/daniel-hacke-remax.de\/?page_id=233\"]}]},{\"@type\":\"BreadcrumbList\",\"@id\":\"https:\/\/daniel-hacke-remax.de\/?page_id=233#breadcrumb\",\"itemListElement\":[{\"@type\":\"ListItem\",\"position\":1,\"name\":\"Home\",\"item\":\"https:\/\/daniel-hacke-remax.de\/\"},{\"@type\":\"ListItem\",\"position\":2,\"name\":\"Zertifikate\"}]},{\"@type\":\"WebSite\",\"@id\":\"https:\/\/daniel-hacke-remax.de\/#website\",\"url\":\"https:\/\/daniel-hacke-remax.de\/\",\"name\":\"Daniel Hacke\",\"description\":\"RE\/MAX Immobilienmakler\",\"potentialAction\":[{\"@type\":\"SearchAction\",\"target\":{\"@type\":\"EntryPoint\",\"urlTemplate\":\"https:\/\/daniel-hacke-remax.de\/?s={search_term_string}\"},\"query-input\":\"required name=search_term_string\"}],\"inLanguage\":\"de-DE\"}]}<\/script>\n<!-- \/ Yoast SEO plugin. -->","yoast_head_json":{"title":"Fortbildung sichert das n\u00f6tige Fachwissen","description":"Regelm\u00e4\u00dfige Fortbildung ist unerl\u00e4sslich f\u00fcr die Maximierung des eigenen Leistungsanspruchs. Deshalb besuche ich regelm\u00e4\u00dfig Fortbildungsseminare.","robots":{"index":"index","follow":"follow","max-snippet":"max-snippet:-1","max-image-preview":"max-image-preview:large","max-video-preview":"max-video-preview:-1"},"canonical":"https:\/\/daniel-hacke-remax.de\/?page_id=233","og_locale":"de_DE","og_type":"article","og_title":"Fortbildung sichert das n\u00f6tige Fachwissen","og_description":"Regelm\u00e4\u00dfige Fortbildung ist unerl\u00e4sslich f\u00fcr die Maximierung des eigenen Leistungsanspruchs. Deshalb besuche ich regelm\u00e4\u00dfig Fortbildungsseminare.","og_url":"https:\/\/daniel-hacke-remax.de\/?page_id=233","og_site_name":"Daniel Hacke","article_modified_time":"2023-01-24T13:59:42+00:00","twitter_misc":{"Gesch\u00e4tzte Lesezeit":"1 Minute"},"schema":{"@context":"https:\/\/schema.org","@graph":[{"@type":"WebPage","@id":"https:\/\/daniel-hacke-remax.de\/?page_id=233","url":"https:\/\/daniel-hacke-remax.de\/?page_id=233","name":"Fortbildung sichert das n\u00f6tige Fachwissen","isPartOf":{"@id":"https:\/\/daniel-hacke-remax.de\/#website"},"datePublished":"2015-01-21T17:44:11+00:00","dateModified":"2023-01-24T13:59:42+00:00","description":"Regelm\u00e4\u00dfige Fortbildung ist unerl\u00e4sslich f\u00fcr die Maximierung des eigenen Leistungsanspruchs. Deshalb besuche ich regelm\u00e4\u00dfig Fortbildungsseminare.","breadcrumb":{"@id":"https:\/\/daniel-hacke-remax.de\/?page_id=233#breadcrumb"},"inLanguage":"de-DE","potentialAction":[{"@type":"ReadAction","target":["https:\/\/daniel-hacke-remax.de\/?page_id=233"]}]},{"@type":"BreadcrumbList","@id":"https:\/\/daniel-hacke-remax.de\/?page_id=233#breadcrumb","itemListElement":[{"@type":"ListItem","position":1,"name":"Home","item":"https:\/\/daniel-hacke-remax.de\/"},{"@type":"ListItem","position":2,"name":"Zertifikate"}]},{"@type":"WebSite","@id":"https:\/\/daniel-hacke-remax.de\/#website","url":"https:\/\/daniel-hacke-remax.de\/","name":"Daniel Hacke","description":"RE\/MAX Immobilienmakler","potentialAction":[{"@type":"SearchAction","target":{"@type":"EntryPoint","urlTemplate":"https:\/\/daniel-hacke-remax.de\/?s={search_term_string}"},"query-input":"required name=search_term_string"}],"inLanguage":"de-DE"}]}},"_links":{"self":[{"href":"https:\/\/daniel-hacke-remax.de\/index.php?rest_route=\/wp\/v2\/pages\/233"}],"collection":[{"href":"https:\/\/daniel-hacke-remax.de\/index.php?rest_route=\/wp\/v2\/pages"}],"about":[{"href":"https:\/\/daniel-hacke-remax.de\/index.php?rest_route=\/wp\/v2\/types\/page"}],"author":[{"embeddable":true,"href":"https:\/\/daniel-hacke-remax.de\/index.php?rest_route=\/wp\/v2\/users\/1"}],"replies":[{"embeddable":true,"href":"https:\/\/daniel-hacke-remax.de\/index.php?rest_route=%2Fwp%2Fv2%2Fcomments&post=233"}],"version-history":[{"count":21,"href":"https:\/\/daniel-hacke-remax.de\/index.php?rest_route=\/wp\/v2\/pages\/233\/revisions"}],"predecessor-version":[{"id":793,"href":"https:\/\/daniel-hacke-remax.de\/index.php?rest_route=\/wp\/v2\/pages\/233\/revisions\/793"}],"wp:attachment":[{"href":"https:\/\/daniel-hacke-remax.de\/index.php?rest_route=%2Fwp%2Fv2%2Fmedia&parent=233"}],"curies":[{"name":"wp","href":"https:\/\/api.w.org\/{rel}","templated":true}]}}