{"id":302,"date":"2015-01-23T08:07:56","date_gmt":"2015-01-23T08:07:56","guid":{"rendered":"http:\/\/www.daniel-hacke-remax.de\/?page_id=302"},"modified":"2015-02-04T09:27:05","modified_gmt":"2015-02-04T09:27:05","slug":"kooperation","status":"publish","type":"page","link":"https:\/\/daniel-hacke-remax.de\/?page_id=302","title":{"rendered":"Kooperation"},"content":{"rendered":"<div class=\"wpb-content-wrapper\"><p>[vc_row][vc_column width=&#8220;1\/1&#8243;][vc_cta_button2 h2=&#8220;Gemeinschaftsgesch\u00e4fte statt Konkurrenzdenken&#8220; h4=&#8220;Zusammenarbeit im Sinne der Kunden&#8220; style=&#8220;rounded&#8220; txt_align=&#8220;justify&#8220; title=&#8220;Kontakt aufnehmen&#8220; btn_style=&#8220;rounded&#8220; color=&#8220;turquoise&#8220; size=&#8220;lg&#8220; position=&#8220;bottom&#8220; link=&#8220;url:mailto%3Adaniel.hacke%40remax.de||&#8220;]Sehr geehrte Kolleginnen und Kollegen, liebe Wettbewerber,<\/p>\n<p>Sie haben f\u00fcr eine meiner Immobilien einen interessierten Kunden und w\u00fcrden ihm die Immobilie gerne anbieten? Kein Problem: Ich mache mit jedem Immobilienmakler Gemeinschaftsgesch\u00e4fte.<\/p>\n<p>Gerne besichtige ich meine Objekte gemeinsam mit Ihnen und Ihrem Kunden. Kauft Ihr Kunde, so teile ich mir mit Ihnen die Provision. Klingt das fair? Rufen Sie mich an![\/vc_cta_button2][\/vc_column][\/vc_row]<\/p>\n<\/div>","protected":false},"excerpt":{"rendered":"<p>[vc_row][vc_column width=&#8220;1\/1&#8243;][vc_cta_button2 h2=&#8220;Gemeinschaftsgesch\u00e4fte statt Konkurrenzdenken&#8220; h4=&#8220;Zusammenarbeit im Sinne der Kunden&#8220; style=&#8220;rounded&#8220; txt_align=&#8220;justify&#8220; title=&#8220;Kontakt aufnehmen&#8220; btn_style=&#8220;rounded&#8220; color=&#8220;turquoise&#8220; size=&#8220;lg&#8220; position=&#8220;bottom&#8220; link=&#8220;url:mailto%3Adaniel.hacke%40remax.de||&#8220;]Sehr geehrte [&hellip;]<\/p>\n","protected":false},"author":1,"featured_media":0,"parent":0,"menu_order":0,"comment_status":"closed","ping_status":"closed","template":"","meta":{"footnotes":""},"yoast_head":"<!-- This site is optimized with the Yoast SEO plugin v21.7 - https:\/\/yoast.com\/wordpress\/plugins\/seo\/ -->\n<title>Gemeinschaftsgesch\u00e4fte statt Konkurrenzdenken<\/title>\n<meta name=\"description\" content=\"Im Sinne meiner Kunden suche ich gezielt die Zusammenarbeit mit anderen Maklern, um die bestm\u00f6gliche Ergebnis zu erzielen.\" \/>\n<meta name=\"robots\" content=\"index, follow, max-snippet:-1, max-image-preview:large, max-video-preview:-1\" \/>\n<link rel=\"canonical\" href=\"https:\/\/daniel-hacke-remax.de\/?page_id=302\" \/>\n<meta property=\"og:locale\" content=\"de_DE\" \/>\n<meta property=\"og:type\" content=\"article\" \/>\n<meta property=\"og:title\" content=\"Gemeinschaftsgesch\u00e4fte statt Konkurrenzdenken\" \/>\n<meta property=\"og:description\" content=\"Im Sinne meiner Kunden suche ich gezielt die Zusammenarbeit mit anderen Maklern, um die bestm\u00f6gliche Ergebnis zu erzielen.\" \/>\n<meta property=\"og:url\" content=\"https:\/\/daniel-hacke-remax.de\/?page_id=302\" \/>\n<meta property=\"og:site_name\" content=\"Daniel Hacke\" \/>\n<meta property=\"article:modified_time\" content=\"2015-02-04T09:27:05+00:00\" \/>\n<meta name=\"twitter:label1\" content=\"Gesch\u00e4tzte Lesezeit\" \/>\n\t<meta name=\"twitter:data1\" content=\"1 Minute\" \/>\n<script type=\"application\/ld+json\" class=\"yoast-schema-graph\">{\"@context\":\"https:\/\/schema.org\",\"@graph\":[{\"@type\":\"WebPage\",\"@id\":\"https:\/\/daniel-hacke-remax.de\/?page_id=302\",\"url\":\"https:\/\/daniel-hacke-remax.de\/?page_id=302\",\"name\":\"Gemeinschaftsgesch\u00e4fte statt Konkurrenzdenken\",\"isPartOf\":{\"@id\":\"https:\/\/daniel-hacke-remax.de\/#website\"},\"datePublished\":\"2015-01-23T08:07:56+00:00\",\"dateModified\":\"2015-02-04T09:27:05+00:00\",\"description\":\"Im Sinne meiner Kunden suche ich gezielt die Zusammenarbeit mit anderen Maklern, um die bestm\u00f6gliche Ergebnis zu erzielen.\",\"breadcrumb\":{\"@id\":\"https:\/\/daniel-hacke-remax.de\/?page_id=302#breadcrumb\"},\"inLanguage\":\"de-DE\",\"potentialAction\":[{\"@type\":\"ReadAction\",\"target\":[\"https:\/\/daniel-hacke-remax.de\/?page_id=302\"]}]},{\"@type\":\"BreadcrumbList\",\"@id\":\"https:\/\/daniel-hacke-remax.de\/?page_id=302#breadcrumb\",\"itemListElement\":[{\"@type\":\"ListItem\",\"position\":1,\"name\":\"Home\",\"item\":\"https:\/\/daniel-hacke-remax.de\/\"},{\"@type\":\"ListItem\",\"position\":2,\"name\":\"Kooperation\"}]},{\"@type\":\"WebSite\",\"@id\":\"https:\/\/daniel-hacke-remax.de\/#website\",\"url\":\"https:\/\/daniel-hacke-remax.de\/\",\"name\":\"Daniel Hacke\",\"description\":\"RE\/MAX Immobilienmakler\",\"potentialAction\":[{\"@type\":\"SearchAction\",\"target\":{\"@type\":\"EntryPoint\",\"urlTemplate\":\"https:\/\/daniel-hacke-remax.de\/?s={search_term_string}\"},\"query-input\":\"required name=search_term_string\"}],\"inLanguage\":\"de-DE\"}]}<\/script>\n<!-- \/ Yoast SEO plugin. -->","yoast_head_json":{"title":"Gemeinschaftsgesch\u00e4fte statt Konkurrenzdenken","description":"Im Sinne meiner Kunden suche ich gezielt die Zusammenarbeit mit anderen Maklern, um die bestm\u00f6gliche Ergebnis zu erzielen.","robots":{"index":"index","follow":"follow","max-snippet":"max-snippet:-1","max-image-preview":"max-image-preview:large","max-video-preview":"max-video-preview:-1"},"canonical":"https:\/\/daniel-hacke-remax.de\/?page_id=302","og_locale":"de_DE","og_type":"article","og_title":"Gemeinschaftsgesch\u00e4fte statt Konkurrenzdenken","og_description":"Im Sinne meiner Kunden suche ich gezielt die Zusammenarbeit mit anderen Maklern, um die bestm\u00f6gliche Ergebnis zu erzielen.","og_url":"https:\/\/daniel-hacke-remax.de\/?page_id=302","og_site_name":"Daniel Hacke","article_modified_time":"2015-02-04T09:27:05+00:00","twitter_misc":{"Gesch\u00e4tzte Lesezeit":"1 Minute"},"schema":{"@context":"https:\/\/schema.org","@graph":[{"@type":"WebPage","@id":"https:\/\/daniel-hacke-remax.de\/?page_id=302","url":"https:\/\/daniel-hacke-remax.de\/?page_id=302","name":"Gemeinschaftsgesch\u00e4fte statt Konkurrenzdenken","isPartOf":{"@id":"https:\/\/daniel-hacke-remax.de\/#website"},"datePublished":"2015-01-23T08:07:56+00:00","dateModified":"2015-02-04T09:27:05+00:00","description":"Im Sinne meiner Kunden suche ich gezielt die Zusammenarbeit mit anderen Maklern, um die bestm\u00f6gliche Ergebnis zu erzielen.","breadcrumb":{"@id":"https:\/\/daniel-hacke-remax.de\/?page_id=302#breadcrumb"},"inLanguage":"de-DE","potentialAction":[{"@type":"ReadAction","target":["https:\/\/daniel-hacke-remax.de\/?page_id=302"]}]},{"@type":"BreadcrumbList","@id":"https:\/\/daniel-hacke-remax.de\/?page_id=302#breadcrumb","itemListElement":[{"@type":"ListItem","position":1,"name":"Home","item":"https:\/\/daniel-hacke-remax.de\/"},{"@type":"ListItem","position":2,"name":"Kooperation"}]},{"@type":"WebSite","@id":"https:\/\/daniel-hacke-remax.de\/#website","url":"https:\/\/daniel-hacke-remax.de\/","name":"Daniel Hacke","description":"RE\/MAX Immobilienmakler","potentialAction":[{"@type":"SearchAction","target":{"@type":"EntryPoint","urlTemplate":"https:\/\/daniel-hacke-remax.de\/?s={search_term_string}"},"query-input":"required name=search_term_string"}],"inLanguage":"de-DE"}]}},"_links":{"self":[{"href":"https:\/\/daniel-hacke-remax.de\/index.php?rest_route=\/wp\/v2\/pages\/302"}],"collection":[{"href":"https:\/\/daniel-hacke-remax.de\/index.php?rest_route=\/wp\/v2\/pages"}],"about":[{"href":"https:\/\/daniel-hacke-remax.de\/index.php?rest_route=\/wp\/v2\/types\/page"}],"author":[{"embeddable":true,"href":"https:\/\/daniel-hacke-remax.de\/index.php?rest_route=\/wp\/v2\/users\/1"}],"replies":[{"embeddable":true,"href":"https:\/\/daniel-hacke-remax.de\/index.php?rest_route=%2Fwp%2Fv2%2Fcomments&post=302"}],"version-history":[{"count":7,"href":"https:\/\/daniel-hacke-remax.de\/index.php?rest_route=\/wp\/v2\/pages\/302\/revisions"}],"predecessor-version":[{"id":340,"href":"https:\/\/daniel-hacke-remax.de\/index.php?rest_route=\/wp\/v2\/pages\/302\/revisions\/340"}],"wp:attachment":[{"href":"https:\/\/daniel-hacke-remax.de\/index.php?rest_route=%2Fwp%2Fv2%2Fmedia&parent=302"}],"curies":[{"name":"wp","href":"https:\/\/api.w.org\/{rel}","templated":true}]}}