{"id":68,"date":"2015-01-16T14:12:56","date_gmt":"2015-01-16T14:12:56","guid":{"rendered":"http:\/\/daniel-hacke-remax.de\/?page_id=68"},"modified":"2023-01-24T11:54:03","modified_gmt":"2023-01-24T11:54:03","slug":"team","status":"publish","type":"page","link":"https:\/\/daniel-hacke-remax.de\/?page_id=68","title":{"rendered":"Team"},"content":{"rendered":"<div class=\"wpb-content-wrapper\"><p>[vc_row][vc_column][vc_column_text]<\/p>\n<p style=\"text-align: justify;\">Unser RE\/MAX B\u00fcro in Ludwigshafen war in den letzten zehn Jahren immer unter den besten 5 von \u00fcber 200 B\u00fcros in Deutschland. Darauf sind wir stolz! Unser Erfolg beruht darauf dass wir ein gro\u00dfes Team aus 25 Maklern sind und Gescha\u0308fte untereinander machen. Wird einer von uns Beauftragt eine Immobilie zu verkaufen du\u0308rfen alle anderen Makler diese Immobilie auch Ihren Kunden anbieten und verkaufen. Dies fu\u0308hrt zu besseren Verkaufspreisen und ku\u0308rzeren Vermarktungszeiten denn ein Makler hat weniger Kunden als 25 Makler.<\/p>\n<p>[\/vc_column_text][vc_single_image image=&#8220;536&#8243; img_size=&#8220;full&#8220; add_caption=&#8220;yes&#8220; alignment=&#8220;center&#8220; style=&#8220;vc_box_rounded&#8220; onclick=&#8220;custom_link&#8220; img_link_target=&#8220;_blank&#8220; css_animation=&#8220;fadeIn&#8220; link=&#8220;https:\/\/www.remax-classic-lu.de\/team&#8220;][vc_column_text]<\/p>\n<p style=\"text-align: justify;\">Innerhalb unseres Teams im Bu\u0308ro zeichne ich mich aus als Experte in Sachen Werbung, Energietechnik und Vermarktung in Altrip. In den lezten 3 Jahren war ich in allen Kategorien (Kundenzufriedenheit, Anzahl von Transaktionen und Umsatz) immer unter den besten 3.<\/p>\n<p>[\/vc_column_text][\/vc_column][\/vc_row]<\/p>\n<\/div>","protected":false},"excerpt":{"rendered":"<p>[vc_row][vc_column][vc_column_text] Unser RE\/MAX B\u00fcro in Ludwigshafen war in den letzten zehn Jahren immer unter den besten 5 von \u00fcber 200 [&hellip;]<\/p>\n","protected":false},"author":1,"featured_media":0,"parent":0,"menu_order":0,"comment_status":"closed","ping_status":"closed","template":"","meta":{"footnotes":""},"yoast_head":"<!-- This site is optimized with the Yoast SEO plugin v21.7 - https:\/\/yoast.com\/wordpress\/plugins\/seo\/ -->\n<title>Daniel Hackes Team aus Ludwigshafen<\/title>\n<meta name=\"description\" content=\"Ich arbeite in einem Team mit rund 20 Kollegen. Dadurch haben wir deutlich mehr Reichweite und Fachwissen, als andere Einzelmakler der Region.\" \/>\n<meta name=\"robots\" content=\"index, follow, max-snippet:-1, max-image-preview:large, max-video-preview:-1\" \/>\n<link rel=\"canonical\" href=\"https:\/\/daniel-hacke-remax.de\/?page_id=68\" \/>\n<meta property=\"og:locale\" content=\"de_DE\" \/>\n<meta property=\"og:type\" content=\"article\" \/>\n<meta property=\"og:title\" content=\"Daniel Hackes Team aus Ludwigshafen\" \/>\n<meta property=\"og:description\" content=\"Ich arbeite in einem Team mit rund 20 Kollegen. Dadurch haben wir deutlich mehr Reichweite und Fachwissen, als andere Einzelmakler der Region.\" \/>\n<meta property=\"og:url\" content=\"https:\/\/daniel-hacke-remax.de\/?page_id=68\" \/>\n<meta property=\"og:site_name\" content=\"Daniel Hacke\" \/>\n<meta property=\"article:modified_time\" content=\"2023-01-24T11:54:03+00:00\" \/>\n<meta name=\"twitter:label1\" content=\"Gesch\u00e4tzte Lesezeit\" \/>\n\t<meta name=\"twitter:data1\" content=\"1 Minute\" \/>\n<script type=\"application\/ld+json\" class=\"yoast-schema-graph\">{\"@context\":\"https:\/\/schema.org\",\"@graph\":[{\"@type\":\"WebPage\",\"@id\":\"https:\/\/daniel-hacke-remax.de\/?page_id=68\",\"url\":\"https:\/\/daniel-hacke-remax.de\/?page_id=68\",\"name\":\"Daniel Hackes Team aus Ludwigshafen\",\"isPartOf\":{\"@id\":\"https:\/\/daniel-hacke-remax.de\/#website\"},\"datePublished\":\"2015-01-16T14:12:56+00:00\",\"dateModified\":\"2023-01-24T11:54:03+00:00\",\"description\":\"Ich arbeite in einem Team mit rund 20 Kollegen. Dadurch haben wir deutlich mehr Reichweite und Fachwissen, als andere Einzelmakler der Region.\",\"breadcrumb\":{\"@id\":\"https:\/\/daniel-hacke-remax.de\/?page_id=68#breadcrumb\"},\"inLanguage\":\"de-DE\",\"potentialAction\":[{\"@type\":\"ReadAction\",\"target\":[\"https:\/\/daniel-hacke-remax.de\/?page_id=68\"]}]},{\"@type\":\"BreadcrumbList\",\"@id\":\"https:\/\/daniel-hacke-remax.de\/?page_id=68#breadcrumb\",\"itemListElement\":[{\"@type\":\"ListItem\",\"position\":1,\"name\":\"Home\",\"item\":\"https:\/\/daniel-hacke-remax.de\/\"},{\"@type\":\"ListItem\",\"position\":2,\"name\":\"Team\"}]},{\"@type\":\"WebSite\",\"@id\":\"https:\/\/daniel-hacke-remax.de\/#website\",\"url\":\"https:\/\/daniel-hacke-remax.de\/\",\"name\":\"Daniel Hacke\",\"description\":\"RE\/MAX Immobilienmakler\",\"potentialAction\":[{\"@type\":\"SearchAction\",\"target\":{\"@type\":\"EntryPoint\",\"urlTemplate\":\"https:\/\/daniel-hacke-remax.de\/?s={search_term_string}\"},\"query-input\":\"required name=search_term_string\"}],\"inLanguage\":\"de-DE\"}]}<\/script>\n<!-- \/ Yoast SEO plugin. -->","yoast_head_json":{"title":"Daniel Hackes Team aus Ludwigshafen","description":"Ich arbeite in einem Team mit rund 20 Kollegen. Dadurch haben wir deutlich mehr Reichweite und Fachwissen, als andere Einzelmakler der Region.","robots":{"index":"index","follow":"follow","max-snippet":"max-snippet:-1","max-image-preview":"max-image-preview:large","max-video-preview":"max-video-preview:-1"},"canonical":"https:\/\/daniel-hacke-remax.de\/?page_id=68","og_locale":"de_DE","og_type":"article","og_title":"Daniel Hackes Team aus Ludwigshafen","og_description":"Ich arbeite in einem Team mit rund 20 Kollegen. Dadurch haben wir deutlich mehr Reichweite und Fachwissen, als andere Einzelmakler der Region.","og_url":"https:\/\/daniel-hacke-remax.de\/?page_id=68","og_site_name":"Daniel Hacke","article_modified_time":"2023-01-24T11:54:03+00:00","twitter_misc":{"Gesch\u00e4tzte Lesezeit":"1 Minute"},"schema":{"@context":"https:\/\/schema.org","@graph":[{"@type":"WebPage","@id":"https:\/\/daniel-hacke-remax.de\/?page_id=68","url":"https:\/\/daniel-hacke-remax.de\/?page_id=68","name":"Daniel Hackes Team aus Ludwigshafen","isPartOf":{"@id":"https:\/\/daniel-hacke-remax.de\/#website"},"datePublished":"2015-01-16T14:12:56+00:00","dateModified":"2023-01-24T11:54:03+00:00","description":"Ich arbeite in einem Team mit rund 20 Kollegen. Dadurch haben wir deutlich mehr Reichweite und Fachwissen, als andere Einzelmakler der Region.","breadcrumb":{"@id":"https:\/\/daniel-hacke-remax.de\/?page_id=68#breadcrumb"},"inLanguage":"de-DE","potentialAction":[{"@type":"ReadAction","target":["https:\/\/daniel-hacke-remax.de\/?page_id=68"]}]},{"@type":"BreadcrumbList","@id":"https:\/\/daniel-hacke-remax.de\/?page_id=68#breadcrumb","itemListElement":[{"@type":"ListItem","position":1,"name":"Home","item":"https:\/\/daniel-hacke-remax.de\/"},{"@type":"ListItem","position":2,"name":"Team"}]},{"@type":"WebSite","@id":"https:\/\/daniel-hacke-remax.de\/#website","url":"https:\/\/daniel-hacke-remax.de\/","name":"Daniel Hacke","description":"RE\/MAX Immobilienmakler","potentialAction":[{"@type":"SearchAction","target":{"@type":"EntryPoint","urlTemplate":"https:\/\/daniel-hacke-remax.de\/?s={search_term_string}"},"query-input":"required name=search_term_string"}],"inLanguage":"de-DE"}]}},"_links":{"self":[{"href":"https:\/\/daniel-hacke-remax.de\/index.php?rest_route=\/wp\/v2\/pages\/68"}],"collection":[{"href":"https:\/\/daniel-hacke-remax.de\/index.php?rest_route=\/wp\/v2\/pages"}],"about":[{"href":"https:\/\/daniel-hacke-remax.de\/index.php?rest_route=\/wp\/v2\/types\/page"}],"author":[{"embeddable":true,"href":"https:\/\/daniel-hacke-remax.de\/index.php?rest_route=\/wp\/v2\/users\/1"}],"replies":[{"embeddable":true,"href":"https:\/\/daniel-hacke-remax.de\/index.php?rest_route=%2Fwp%2Fv2%2Fcomments&post=68"}],"version-history":[{"count":20,"href":"https:\/\/daniel-hacke-remax.de\/index.php?rest_route=\/wp\/v2\/pages\/68\/revisions"}],"predecessor-version":[{"id":770,"href":"https:\/\/daniel-hacke-remax.de\/index.php?rest_route=\/wp\/v2\/pages\/68\/revisions\/770"}],"wp:attachment":[{"href":"https:\/\/daniel-hacke-remax.de\/index.php?rest_route=%2Fwp%2Fv2%2Fmedia&parent=68"}],"curies":[{"name":"wp","href":"https:\/\/api.w.org\/{rel}","templated":true}]}}